{"id":541,"date":"2026-05-12T14:39:33","date_gmt":"2026-05-12T12:39:33","guid":{"rendered":"https:\/\/transduodenal.com\/?page_id=541"},"modified":"2026-05-12T15:00:27","modified_gmt":"2026-05-12T13:00:27","slug":"2025-09-news","status":"publish","type":"page","link":"https:\/\/transduodenal.com\/en\/2025-09-news\/","title":{"rendered":"2026 05 News"},"content":{"rendered":"<p>[et_pb_section fb_built=&#8221;1&#8243; _builder_version=&#8221;4.25.0&#8243; _module_preset=&#8221;default&#8221; background_enable_image=&#8221;off&#8221; background_size=&#8221;contain&#8221; background_position=&#8221;top_right&#8221; background_horizontal_offset=&#8221;-25%&#8221; background_vertical_offset=&#8221;0%&#8221; background_blend=&#8221;multiply&#8221; background_last_edited=&#8221;on|desktop&#8221; background_enable_image_tablet=&#8221;off&#8221; global_colors_info=&#8221;{}&#8221;][et_pb_row _builder_version=&#8221;4.25.0&#8243; _module_preset=&#8221;default&#8221; global_colors_info=&#8221;{}&#8221;][et_pb_column type=&#8221;4_4&#8243; _builder_version=&#8221;4.25.0&#8243; _module_preset=&#8221;default&#8221; global_colors_info=&#8221;{}&#8221;][et_pb_image src=&#8221;https:\/\/transduodenal.com\/wp-content\/uploads\/2026\/05\/Element-2.jpg&#8221; title_text=&#8221;Element 2&#8243; _builder_version=&#8221;4.27.6&#8243; _module_preset=&#8221;default&#8221; background_color=&#8221;#000000&#8243; global_colors_info=&#8221;{}&#8221;][\/et_pb_image][\/et_pb_column][\/et_pb_row][et_pb_row _builder_version=&#8221;4.17.6&#8243; _module_preset=&#8221;default&#8221; global_colors_info=&#8221;{}&#8221;][et_pb_column type=&#8221;4_4&#8243; _builder_version=&#8221;4.17.6&#8243; _module_preset=&#8221;default&#8221; global_colors_info=&#8221;{}&#8221;][et_pb_text _builder_version=&#8221;4.27.6&#8243; _module_preset=&#8221;default&#8221; header_font=&#8221;Open Sans|300||on|||||&#8221; header_text_color=&#8221;#C6361B&#8221; header_font_size=&#8221;49px&#8221; header_letter_spacing=&#8221;3px&#8221; header_3_font=&#8221;Open Sans|||on|||||&#8221; header_3_text_color=&#8221;#B2B2B2&#8243; header_3_font_size=&#8221;20px&#8221; header_3_letter_spacing=&#8221;10px&#8221; custom_margin=&#8221;0px||0px||false|false&#8221; custom_padding=&#8221;0px||0px||false|false&#8221; header_3_font_size_tablet=&#8221;18px&#8221; header_3_font_size_phone=&#8221;15px&#8221; header_3_font_size_last_edited=&#8221;on|phone&#8221; global_colors_info=&#8221;{}&#8221;]<\/p>\n<h3>May 2026<\/h3>\n<p>[\/et_pb_text][et_pb_text _builder_version=&#8221;4.27.6&#8243; _module_preset=&#8221;default&#8221; header_font=&#8221;Open Sans|300|||||||&#8221; header_text_color=&#8221;#C6361B&#8221; header_font_size=&#8221;49px&#8221; header_letter_spacing=&#8221;3px&#8221; header_line_height=&#8221;1.1em&#8221; width=&#8221;76%&#8221; width_tablet=&#8221;76%&#8221; width_phone=&#8221;100%&#8221; width_last_edited=&#8221;on|phone&#8221; custom_margin=&#8221;0px||||false|false&#8221; custom_padding=&#8221;6px||||false|false&#8221; header_font_size_tablet=&#8221;49px&#8221; header_font_size_phone=&#8221;38px&#8221; header_font_size_last_edited=&#8221;on|phone&#8221; global_colors_info=&#8221;{}&#8221;]<\/p>\n<h1>TDC launches pivotal clinical trial for Trans-Duodenal Barrier<\/h1>\n<p>[\/et_pb_text][\/et_pb_column][\/et_pb_row][et_pb_row column_structure=&#8221;3_4,1_4&#8243; _builder_version=&#8221;4.18.0&#8243; _module_preset=&#8221;default&#8221; custom_margin=&#8221;||||false|false&#8221; custom_margin_tablet=&#8221;||50px||false|false&#8221; custom_margin_phone=&#8221;||20px||false|false&#8221; custom_margin_last_edited=&#8221;on|phone&#8221; custom_padding=&#8221;0px||0px||false|false&#8221; global_colors_info=&#8221;{}&#8221;][et_pb_column type=&#8221;3_4&#8243; _builder_version=&#8221;4.17.6&#8243; _module_preset=&#8221;default&#8221; global_colors_info=&#8221;{}&#8221;][et_pb_text _builder_version=&#8221;4.27.6&#8243; _module_preset=&#8221;default&#8221; text_font=&#8221;Open Sans|300|||||||&#8221; text_text_color=&#8221;#6C686A&#8221; text_font_size=&#8221;18px&#8221; text_line_height=&#8221;1.6em&#8221; custom_margin=&#8221;0px||0px||false|false&#8221; custom_padding=&#8221;0px||0px||false|false&#8221; global_colors_info=&#8221;{}&#8221;]<\/p>\n<p><strong>Novel endoscopic treatment method for diabetes and obesity from Mannheim being tested nationwide<\/strong><\/p>\n<p>Trans-Duodenal Concepts GmbH started the clinical approval study for its endoscopic implant <strong>Trans-Duodenal Barrier<\/strong> on May 4, 2026 following approval by the BfArM and the approval of all responsible ethics committees. The university hospitals in Berlin (Charit\u00e9), Bochum, Heidelberg-Mannheim, Leipzig, W\u00fcrzburg and the hospitals in Bamberg, Dresden and Leipzig (St. Georg) are participating in the study with 125 patients under the direction of Prof. Christoph Reissfelder, Mannheim. <\/p>\n<p>It is intended to demonstrate the effectiveness of the implant in terms of improving diabetes metabolism and weight loss, as well as its safety and tolerability.<\/p>\n<p>The study is being organized by novineon CRO GmbH T\u00fcbingen and supported by the Federal Ministry of Research, Technology and Space.<\/p>\n<p>Obesity, which affects up to 1 billion people worldwide, is associated with numerous secondary diseases such as liver inflammation, cancer, cardiovascular disease and high blood pressure. Type 2 diabetes mellitus plays a special role in this. <\/p>\n<p> Die TDC unter Leitung von Prof. Georg K\u00e4hler ist Entwickler und Hersteller eines endoskopischen Implantates zur nicht-invasiven Therapie von Diabetes und Adipositas. Sie adressiert damit einen der gr\u00f6\u00dften medizinischen M\u00e4rkte mit wachsender sozi\u00f6konomischer Bedeutung. <\/p>\n<p>The principle of an atraumatic reversible endoscopic bypass represents a global innovation and is also attracting great interest worldwide due to its repeatability and combinability with other forms of therapy.<\/p>\n<p>&nbsp;<\/p>\n<p><strong>Contact<\/strong><br \/>Prof. Dr. Georg K\u00e4hler<br \/>Trans-Duodenal Concepts GmbH<\/p>\n<p>Tannh\u00e4userring 93<br \/>68199 Mannheim<\/p>\n<p>Phone +49 179 734 77 34<br \/><a href=\"mailto:georg.kaehler@transduodenal.com\">georg.kaehler@transduodenal.com<\/a><\/p>\n<p>[\/et_pb_text][\/et_pb_column][et_pb_column type=&#8221;1_4&#8243; _builder_version=&#8221;4.17.6&#8243; _module_preset=&#8221;default&#8221; global_colors_info=&#8221;{}&#8221;][\/et_pb_column][\/et_pb_row][et_pb_row _builder_version=&#8221;4.27.4&#8243; _module_preset=&#8221;default&#8221; global_colors_info=&#8221;{}&#8221;][et_pb_column type=&#8221;4_4&#8243; _builder_version=&#8221;4.27.4&#8243; _module_preset=&#8221;default&#8221; global_colors_info=&#8221;{}&#8221;][et_pb_button button_url=&#8221;\/en\/#news&#8221; button_text=&#8221;Back to overview&#8221; button_alignment=&#8221;left&#8221; _builder_version=&#8221;4.27.6&#8243; _module_preset=&#8221;default&#8221; custom_button=&#8221;on&#8221; button_text_size=&#8221;18px&#8221; button_text_color=&#8221;#FFFFFF&#8221; button_bg_color=&#8221;#C6361B&#8221; button_border_width=&#8221;0px&#8221; button_border_radius=&#8221;40px&#8221; button_letter_spacing=&#8221;1px&#8221; button_font=&#8221;Open Sans||||||||&#8221; button_use_icon=&#8221;off&#8221; custom_margin=&#8221;40px||||false|false&#8221; hover_enabled=&#8221;0&#8243; locked=&#8221;off&#8221; global_colors_info=&#8221;{}&#8221; button_text_color__hover=&#8221;#C6361B&#8221; button_text_color__hover_enabled=&#8221;on|hover&#8221; button_bg_color__hover=&#8221;RGBA(255,255,255,0)&#8221; button_bg_color__hover_enabled=&#8221;on|hover&#8221; button_border_width__hover=&#8221;1px&#8221; button_border_width__hover_enabled=&#8221;on|hover&#8221; button_border_color__hover=&#8221;#C6361B&#8221; button_border_color__hover_enabled=&#8221;on|hover&#8221; button_bg_enable_color__hover=&#8221;on&#8221; sticky_enabled=&#8221;0&#8243;][\/et_pb_button][\/et_pb_column][\/et_pb_row][\/et_pb_section]<\/p>\n","protected":false},"excerpt":{"rendered":"<p>May 2026TDC launches pivotal clinical trial for Trans-Duodenal BarrierNovel endoscopic treatment method for diabetes and obesity from Mannheim being tested nationwide Trans-Duodenal Concepts GmbH started the clinical approval study for its endoscopic implant Trans-Duodenal Barrier on May 4, 2026 following approval by the BfArM and the approval of all responsible ethics committees. The university hospitals [&hellip;]<\/p>\n","protected":false},"author":1,"featured_media":0,"parent":0,"menu_order":0,"comment_status":"closed","ping_status":"closed","template":"","meta":{"_et_pb_use_builder":"on","_et_pb_old_content":"","_et_gb_content_width":"","footnotes":""},"class_list":["post-541","page","type-page","status-publish","hentry"],"yoast_head":"<!-- This site is optimized with the Yoast SEO plugin v27.6 - https:\/\/yoast.com\/product\/yoast-seo-wordpress\/ -->\n<title>2026 05 News - Trans-Duodenal Concepts<\/title>\n<meta name=\"description\" content=\"The Trans-Duodenal Barrier is a newly developed endoscopically implantable tube prosthesis for the improvement of diabetes\" \/>\n<meta name=\"robots\" content=\"index, follow, max-snippet:-1, max-image-preview:large, max-video-preview:-1\" \/>\n<link rel=\"canonical\" href=\"https:\/\/transduodenal.com\/en\/2025-09-news\/\" \/>\n<meta property=\"og:locale\" content=\"en_US\" \/>\n<meta property=\"og:type\" content=\"article\" \/>\n<meta property=\"og:title\" content=\"2026 05 News - Trans-Duodenal Concepts\" \/>\n<meta property=\"og:description\" content=\"The Trans-Duodenal Barrier is a newly developed endoscopically implantable tube prosthesis for the improvement of diabetes\" \/>\n<meta property=\"og:url\" content=\"https:\/\/transduodenal.com\/en\/2025-09-news\/\" \/>\n<meta property=\"og:site_name\" content=\"Trans-Duodenal Concepts\" \/>\n<meta property=\"article:modified_time\" content=\"2026-05-12T13:00:27+00:00\" \/>\n<meta name=\"twitter:card\" content=\"summary_large_image\" \/>\n<meta name=\"twitter:label1\" content=\"Est. reading time\" \/>\n\t<meta name=\"twitter:data1\" content=\"4 minutes\" \/>\n<script type=\"application\/ld+json\" class=\"yoast-schema-graph\">{\"@context\":\"https:\\\/\\\/schema.org\",\"@graph\":[{\"@type\":\"WebPage\",\"@id\":\"https:\\\/\\\/transduodenal.com\\\/en\\\/2025-09-news\\\/\",\"url\":\"https:\\\/\\\/transduodenal.com\\\/en\\\/2025-09-news\\\/\",\"name\":\"2026 05 News - Trans-Duodenal Concepts\",\"isPartOf\":{\"@id\":\"https:\\\/\\\/transduodenal.com\\\/en\\\/#website\"},\"datePublished\":\"2026-05-12T12:39:33+00:00\",\"dateModified\":\"2026-05-12T13:00:27+00:00\",\"description\":\"The Trans-Duodenal Barrier is a newly developed endoscopically implantable tube prosthesis for the improvement of diabetes\",\"breadcrumb\":{\"@id\":\"https:\\\/\\\/transduodenal.com\\\/en\\\/2025-09-news\\\/#breadcrumb\"},\"inLanguage\":\"en-US\",\"potentialAction\":[{\"@type\":\"ReadAction\",\"target\":[\"https:\\\/\\\/transduodenal.com\\\/en\\\/2025-09-news\\\/\"]}]},{\"@type\":\"BreadcrumbList\",\"@id\":\"https:\\\/\\\/transduodenal.com\\\/en\\\/2025-09-news\\\/#breadcrumb\",\"itemListElement\":[{\"@type\":\"ListItem\",\"position\":1,\"name\":\"Startseite\",\"item\":\"https:\\\/\\\/transduodenal.com\\\/en\\\/\"},{\"@type\":\"ListItem\",\"position\":2,\"name\":\"2026 05 News\"}]},{\"@type\":\"WebSite\",\"@id\":\"https:\\\/\\\/transduodenal.com\\\/en\\\/#website\",\"url\":\"https:\\\/\\\/transduodenal.com\\\/en\\\/\",\"name\":\"Trans-Duodenal Concepts\",\"description\":\"Diabetes verbessern ohne Bypass-OP\",\"potentialAction\":[{\"@type\":\"SearchAction\",\"target\":{\"@type\":\"EntryPoint\",\"urlTemplate\":\"https:\\\/\\\/transduodenal.com\\\/en\\\/?s={search_term_string}\"},\"query-input\":{\"@type\":\"PropertyValueSpecification\",\"valueRequired\":true,\"valueName\":\"search_term_string\"}}],\"inLanguage\":\"en-US\"}]}<\/script>\n<!-- \/ Yoast SEO plugin. -->","yoast_head_json":{"title":"2026 05 News - Trans-Duodenal Concepts","description":"The Trans-Duodenal Barrier is a newly developed endoscopically implantable tube prosthesis for the improvement of diabetes","robots":{"index":"index","follow":"follow","max-snippet":"max-snippet:-1","max-image-preview":"max-image-preview:large","max-video-preview":"max-video-preview:-1"},"canonical":"https:\/\/transduodenal.com\/en\/2025-09-news\/","og_locale":"en_US","og_type":"article","og_title":"2026 05 News - Trans-Duodenal Concepts","og_description":"The Trans-Duodenal Barrier is a newly developed endoscopically implantable tube prosthesis for the improvement of diabetes","og_url":"https:\/\/transduodenal.com\/en\/2025-09-news\/","og_site_name":"Trans-Duodenal Concepts","article_modified_time":"2026-05-12T13:00:27+00:00","twitter_card":"summary_large_image","twitter_misc":{"Est. reading time":"4 minutes"},"schema":{"@context":"https:\/\/schema.org","@graph":[{"@type":"WebPage","@id":"https:\/\/transduodenal.com\/en\/2025-09-news\/","url":"https:\/\/transduodenal.com\/en\/2025-09-news\/","name":"2026 05 News - Trans-Duodenal Concepts","isPartOf":{"@id":"https:\/\/transduodenal.com\/en\/#website"},"datePublished":"2026-05-12T12:39:33+00:00","dateModified":"2026-05-12T13:00:27+00:00","description":"The Trans-Duodenal Barrier is a newly developed endoscopically implantable tube prosthesis for the improvement of diabetes","breadcrumb":{"@id":"https:\/\/transduodenal.com\/en\/2025-09-news\/#breadcrumb"},"inLanguage":"en-US","potentialAction":[{"@type":"ReadAction","target":["https:\/\/transduodenal.com\/en\/2025-09-news\/"]}]},{"@type":"BreadcrumbList","@id":"https:\/\/transduodenal.com\/en\/2025-09-news\/#breadcrumb","itemListElement":[{"@type":"ListItem","position":1,"name":"Startseite","item":"https:\/\/transduodenal.com\/en\/"},{"@type":"ListItem","position":2,"name":"2026 05 News"}]},{"@type":"WebSite","@id":"https:\/\/transduodenal.com\/en\/#website","url":"https:\/\/transduodenal.com\/en\/","name":"Trans-Duodenal Concepts","description":"Diabetes verbessern ohne Bypass-OP","potentialAction":[{"@type":"SearchAction","target":{"@type":"EntryPoint","urlTemplate":"https:\/\/transduodenal.com\/en\/?s={search_term_string}"},"query-input":{"@type":"PropertyValueSpecification","valueRequired":true,"valueName":"search_term_string"}}],"inLanguage":"en-US"}]}},"_links":{"self":[{"href":"https:\/\/transduodenal.com\/en\/wp-json\/wp\/v2\/pages\/541","targetHints":{"allow":["GET"]}}],"collection":[{"href":"https:\/\/transduodenal.com\/en\/wp-json\/wp\/v2\/pages"}],"about":[{"href":"https:\/\/transduodenal.com\/en\/wp-json\/wp\/v2\/types\/page"}],"author":[{"embeddable":true,"href":"https:\/\/transduodenal.com\/en\/wp-json\/wp\/v2\/users\/1"}],"replies":[{"embeddable":true,"href":"https:\/\/transduodenal.com\/en\/wp-json\/wp\/v2\/comments?post=541"}],"version-history":[{"count":9,"href":"https:\/\/transduodenal.com\/en\/wp-json\/wp\/v2\/pages\/541\/revisions"}],"predecessor-version":[{"id":566,"href":"https:\/\/transduodenal.com\/en\/wp-json\/wp\/v2\/pages\/541\/revisions\/566"}],"wp:attachment":[{"href":"https:\/\/transduodenal.com\/en\/wp-json\/wp\/v2\/media?parent=541"}],"curies":[{"name":"wp","href":"https:\/\/api.w.org\/{rel}","templated":true}]}}